{"id":6210,"date":"2023-01-11T13:05:52","date_gmt":"2023-01-11T11:05:52","guid":{"rendered":"https:\/\/mjewellerybox.com\/?post_type=product&#038;p=6210"},"modified":"2024-02-12T13:30:01","modified_gmt":"2024-02-12T12:30:01","slug":"crystal-cuff-star","status":"publish","type":"product","link":"http:\/\/mjewellerybox.com\/en\/p\/crystal-cuff-star\/","title":{"rendered":"CRYSTAL CUFF STAR"},"content":{"rendered":"<p>Izbjegavati doticaj sa vodom, kako bi se produ\u017eila istrajnost. Kada se ne koristi, nakit odlo\u017eite na suho i tamno mjesto. Prilikom upotrebe parfema pri\u010dekajte da se osu\u0161i, zatim stavite nakit. Nakit \u010distite sa suhim ubrusom, te ga skinite prije sportskih aktivnosti i spavanja.<\/p>","protected":false},"excerpt":{"rendered":"<p>samostoje\u010de nau\u0161nice za hrskavicu materijal: \u010delik obim: 1,50cm<\/p>","protected":false},"featured_media":4677,"template":"","meta":[],"product_cat":[49,156],"product_tag":[],"class_list":{"0":"post-6210","1":"product","2":"type-product","3":"status-publish","4":"has-post-thumbnail","6":"product_cat-nausnice","7":"product_cat-nausnice-nausnice","9":"first","10":"instock","11":"taxable","12":"shipping-taxable","13":"purchasable","14":"product-type-simple"},"yoast_head":"<!-- This site is optimized with the Yoast SEO Premium plugin v19.4 (Yoast SEO v22.0) - https:\/\/yoast.com\/wordpress\/plugins\/seo\/ -->\n<title>CRYSTAL CUFF STAR - M JEWELLERY BOX<\/title>\n<meta name=\"robots\" content=\"index, follow, max-snippet:-1, max-image-preview:large, max-video-preview:-1\" \/>\n<link rel=\"canonical\" href=\"http:\/\/mjewellerybox.com\/en\/p\/crystal-cuff-star\/\" \/>\n<meta property=\"og:locale\" content=\"en_US\" \/>\n<meta property=\"og:type\" content=\"article\" \/>\n<meta property=\"og:title\" content=\"CRYSTAL CUFF STAR\" \/>\n<meta property=\"og:description\" content=\"samostoje\u010de nau\u0161nice za hrskavicu materijal: \u010delik obim: 1,50cm\" \/>\n<meta property=\"og:url\" content=\"http:\/\/mjewellerybox.com\/en\/p\/crystal-cuff-star\/\" \/>\n<meta property=\"og:site_name\" content=\"M JEWELLERY BOX\" \/>\n<meta property=\"article:publisher\" content=\"https:\/\/www.facebook.com\/mjewellerybox\/\" \/>\n<meta property=\"article:modified_time\" content=\"2024-02-12T12:30:01+00:00\" \/>\n<meta property=\"og:image\" content=\"http:\/\/mjewellerybox.com\/wp-content\/uploads\/2022\/12\/NAUS7-1CRYSTALSTAR.jpg\" \/>\n\t<meta property=\"og:image:width\" content=\"800\" \/>\n\t<meta property=\"og:image:height\" content=\"1067\" \/>\n\t<meta property=\"og:image:type\" content=\"image\/jpeg\" \/>\n<meta name=\"twitter:card\" content=\"summary_large_image\" \/>\n<script type=\"application\/ld+json\" class=\"yoast-schema-graph\">{\"@context\":\"https:\/\/schema.org\",\"@graph\":[{\"@type\":\"WebPage\",\"@id\":\"http:\/\/mjewellerybox.com\/p\/crystal-cuff-star\/\",\"url\":\"http:\/\/mjewellerybox.com\/p\/crystal-cuff-star\/\",\"name\":\"CRYSTAL CUFF STAR - M JEWELLERY BOX\",\"isPartOf\":{\"@id\":\"http:\/\/mjewellerybox.com\/#website\"},\"datePublished\":\"2023-01-11T11:05:52+00:00\",\"dateModified\":\"2024-02-12T12:30:01+00:00\",\"breadcrumb\":{\"@id\":\"http:\/\/mjewellerybox.com\/p\/crystal-cuff-star\/#breadcrumb\"},\"inLanguage\":\"en-US\",\"potentialAction\":[{\"@type\":\"ReadAction\",\"target\":[\"http:\/\/mjewellerybox.com\/p\/crystal-cuff-star\/\"]}]},{\"@type\":\"BreadcrumbList\",\"@id\":\"http:\/\/mjewellerybox.com\/p\/crystal-cuff-star\/#breadcrumb\",\"itemListElement\":[{\"@type\":\"ListItem\",\"position\":1,\"name\":\"Home\",\"item\":\"https:\/\/mjewellerybox.com\/en\/\"},{\"@type\":\"ListItem\",\"position\":2,\"name\":\"Shop\",\"item\":\"https:\/\/mjewellerybox.com\/en\/shop\/\"},{\"@type\":\"ListItem\",\"position\":3,\"name\":\"CRYSTAL CUFF STAR\"}]},{\"@type\":\"WebSite\",\"@id\":\"http:\/\/mjewellerybox.com\/#website\",\"url\":\"http:\/\/mjewellerybox.com\/\",\"name\":\"M JEWELLERY BOX\",\"description\":\"Dobrodo\u0161li\",\"publisher\":{\"@id\":\"http:\/\/mjewellerybox.com\/#organization\"},\"potentialAction\":[{\"@type\":\"SearchAction\",\"target\":{\"@type\":\"EntryPoint\",\"urlTemplate\":\"http:\/\/mjewellerybox.com\/?s={search_term_string}\"},\"query-input\":\"required name=search_term_string\"}],\"inLanguage\":\"en-US\"},{\"@type\":\"Organization\",\"@id\":\"http:\/\/mjewellerybox.com\/#organization\",\"name\":\"M JEWELLERY BOX\",\"url\":\"http:\/\/mjewellerybox.com\/\",\"logo\":{\"@type\":\"ImageObject\",\"inLanguage\":\"en-US\",\"@id\":\"http:\/\/mjewellerybox.com\/#\/schema\/logo\/image\/\",\"url\":\"http:\/\/mjewellerybox.com\/wp-content\/uploads\/2021\/09\/logo_mjb_bt.png\",\"contentUrl\":\"http:\/\/mjewellerybox.com\/wp-content\/uploads\/2021\/09\/logo_mjb_bt.png\",\"width\":800,\"height\":321,\"caption\":\"M JEWELLERY BOX\"},\"image\":{\"@id\":\"http:\/\/mjewellerybox.com\/#\/schema\/logo\/image\/\"},\"sameAs\":[\"https:\/\/www.facebook.com\/mjewellerybox\/\",\"https:\/\/www.instagram.com\/mjewellerybox\/\"]}]}<\/script>\n<!-- \/ Yoast SEO Premium plugin. -->","yoast_head_json":{"title":"CRYSTAL CUFF STAR - M JEWELLERY BOX","robots":{"index":"index","follow":"follow","max-snippet":"max-snippet:-1","max-image-preview":"max-image-preview:large","max-video-preview":"max-video-preview:-1"},"canonical":"http:\/\/mjewellerybox.com\/en\/p\/crystal-cuff-star\/","og_locale":"en_US","og_type":"article","og_title":"CRYSTAL CUFF STAR","og_description":"samostoje\u010de nau\u0161nice za hrskavicu materijal: \u010delik obim: 1,50cm","og_url":"http:\/\/mjewellerybox.com\/en\/p\/crystal-cuff-star\/","og_site_name":"M JEWELLERY BOX","article_publisher":"https:\/\/www.facebook.com\/mjewellerybox\/","article_modified_time":"2024-02-12T12:30:01+00:00","og_image":[{"width":800,"height":1067,"url":"http:\/\/mjewellerybox.com\/wp-content\/uploads\/2022\/12\/NAUS7-1CRYSTALSTAR.jpg","type":"image\/jpeg"}],"twitter_card":"summary_large_image","schema":{"@context":"https:\/\/schema.org","@graph":[{"@type":"WebPage","@id":"http:\/\/mjewellerybox.com\/p\/crystal-cuff-star\/","url":"http:\/\/mjewellerybox.com\/p\/crystal-cuff-star\/","name":"CRYSTAL CUFF STAR - M JEWELLERY BOX","isPartOf":{"@id":"http:\/\/mjewellerybox.com\/#website"},"datePublished":"2023-01-11T11:05:52+00:00","dateModified":"2024-02-12T12:30:01+00:00","breadcrumb":{"@id":"http:\/\/mjewellerybox.com\/p\/crystal-cuff-star\/#breadcrumb"},"inLanguage":"en-US","potentialAction":[{"@type":"ReadAction","target":["http:\/\/mjewellerybox.com\/p\/crystal-cuff-star\/"]}]},{"@type":"BreadcrumbList","@id":"http:\/\/mjewellerybox.com\/p\/crystal-cuff-star\/#breadcrumb","itemListElement":[{"@type":"ListItem","position":1,"name":"Home","item":"https:\/\/mjewellerybox.com\/en\/"},{"@type":"ListItem","position":2,"name":"Shop","item":"https:\/\/mjewellerybox.com\/en\/shop\/"},{"@type":"ListItem","position":3,"name":"CRYSTAL CUFF STAR"}]},{"@type":"WebSite","@id":"http:\/\/mjewellerybox.com\/#website","url":"http:\/\/mjewellerybox.com\/","name":"M JEWELLERY BOX","description":"Dobrodo\u0161li","publisher":{"@id":"http:\/\/mjewellerybox.com\/#organization"},"potentialAction":[{"@type":"SearchAction","target":{"@type":"EntryPoint","urlTemplate":"http:\/\/mjewellerybox.com\/?s={search_term_string}"},"query-input":"required name=search_term_string"}],"inLanguage":"en-US"},{"@type":"Organization","@id":"http:\/\/mjewellerybox.com\/#organization","name":"M JEWELLERY BOX","url":"http:\/\/mjewellerybox.com\/","logo":{"@type":"ImageObject","inLanguage":"en-US","@id":"http:\/\/mjewellerybox.com\/#\/schema\/logo\/image\/","url":"http:\/\/mjewellerybox.com\/wp-content\/uploads\/2021\/09\/logo_mjb_bt.png","contentUrl":"http:\/\/mjewellerybox.com\/wp-content\/uploads\/2021\/09\/logo_mjb_bt.png","width":800,"height":321,"caption":"M JEWELLERY BOX"},"image":{"@id":"http:\/\/mjewellerybox.com\/#\/schema\/logo\/image\/"},"sameAs":["https:\/\/www.facebook.com\/mjewellerybox\/","https:\/\/www.instagram.com\/mjewellerybox\/"]}]}},"jetpack_sharing_enabled":true,"_links":{"self":[{"href":"http:\/\/mjewellerybox.com\/en\/wp-json\/wp\/v2\/product\/6210","targetHints":{"allow":["GET"]}}],"collection":[{"href":"http:\/\/mjewellerybox.com\/en\/wp-json\/wp\/v2\/product"}],"about":[{"href":"http:\/\/mjewellerybox.com\/en\/wp-json\/wp\/v2\/types\/product"}],"wp:featuredmedia":[{"embeddable":true,"href":"http:\/\/mjewellerybox.com\/en\/wp-json\/wp\/v2\/media\/4677"}],"wp:attachment":[{"href":"http:\/\/mjewellerybox.com\/en\/wp-json\/wp\/v2\/media?parent=6210"}],"wp:term":[{"taxonomy":"product_cat","embeddable":true,"href":"http:\/\/mjewellerybox.com\/en\/wp-json\/wp\/v2\/product_cat?post=6210"},{"taxonomy":"product_tag","embeddable":true,"href":"http:\/\/mjewellerybox.com\/en\/wp-json\/wp\/v2\/product_tag?post=6210"}],"curies":[{"name":"wp","href":"https:\/\/api.w.org\/{rel}","templated":true}]}}