{"id":6157,"date":"2023-01-11T13:05:22","date_gmt":"2023-01-11T11:05:22","guid":{"rendered":"https:\/\/mjewellerybox.com\/?post_type=product&#038;p=6157"},"modified":"2024-02-12T13:31:26","modified_gmt":"2024-02-12T12:31:26","slug":"crystal-heart-2","status":"publish","type":"product","link":"http:\/\/mjewellerybox.com\/en\/p\/crystal-heart-2\/","title":{"rendered":"CRYSTAL HEART"},"content":{"rendered":"<p>Izbjegavati doticaj sa vodom, kako bi se produ\u017eila istrajnost. Kada se ne koristi, nakit odlo\u017eite na suho i tamno mjesto. Prilikom upotrebe parfema pri\u010dekajte da se osu\u0161i, zatim stavite nakit. Nakit \u010distite sa suhim ubrusom, te ga skinite prije sportskih aktivnosti i spavanja.<\/p>","protected":false},"excerpt":{"rendered":"<p>materijal: swarovski kristal sa \u010delikom <\/br> du\u017eina: 16,00cm + 5,00cm produ\u017eetak<\/p>","protected":false},"featured_media":5119,"template":"","meta":[],"product_cat":[65,37],"product_tag":[],"class_list":{"0":"post-6157","1":"product","2":"type-product","3":"status-publish","4":"has-post-thumbnail","6":"product_cat-minimal-narukvice","7":"product_cat-narukvice","9":"first","10":"instock","11":"taxable","12":"shipping-taxable","13":"purchasable","14":"product-type-simple"},"yoast_head":"<!-- This site is optimized with the Yoast SEO Premium plugin v19.4 (Yoast SEO v22.0) - https:\/\/yoast.com\/wordpress\/plugins\/seo\/ -->\n<title>CRYSTAL HEART - M JEWELLERY BOX<\/title>\n<meta name=\"robots\" content=\"index, follow, max-snippet:-1, max-image-preview:large, max-video-preview:-1\" \/>\n<link rel=\"canonical\" href=\"http:\/\/mjewellerybox.com\/en\/p\/crystal-heart-2\/\" \/>\n<meta property=\"og:locale\" content=\"en_US\" \/>\n<meta property=\"og:type\" content=\"article\" \/>\n<meta property=\"og:title\" content=\"CRYSTAL HEART\" \/>\n<meta property=\"og:description\" content=\"materijal: swarovski kristal sa \u010delikom du\u017eina: 16,00cm + 5,00cm produ\u017eetak\" \/>\n<meta property=\"og:url\" content=\"http:\/\/mjewellerybox.com\/en\/p\/crystal-heart-2\/\" \/>\n<meta property=\"og:site_name\" content=\"M JEWELLERY BOX\" \/>\n<meta property=\"article:publisher\" content=\"https:\/\/www.facebook.com\/mjewellerybox\/\" \/>\n<meta property=\"article:modified_time\" content=\"2024-02-12T12:31:26+00:00\" \/>\n<meta property=\"og:image\" content=\"http:\/\/mjewellerybox.com\/wp-content\/uploads\/2023\/01\/NAR11-1cheart.jpg\" \/>\n\t<meta property=\"og:image:width\" content=\"725\" \/>\n\t<meta property=\"og:image:height\" content=\"907\" \/>\n\t<meta property=\"og:image:type\" content=\"image\/jpeg\" \/>\n<meta name=\"twitter:card\" content=\"summary_large_image\" \/>\n<script type=\"application\/ld+json\" class=\"yoast-schema-graph\">{\"@context\":\"https:\/\/schema.org\",\"@graph\":[{\"@type\":\"WebPage\",\"@id\":\"http:\/\/mjewellerybox.com\/p\/crystal-heart-2\/\",\"url\":\"http:\/\/mjewellerybox.com\/p\/crystal-heart-2\/\",\"name\":\"CRYSTAL HEART - M JEWELLERY BOX\",\"isPartOf\":{\"@id\":\"http:\/\/mjewellerybox.com\/#website\"},\"datePublished\":\"2023-01-11T11:05:22+00:00\",\"dateModified\":\"2024-02-12T12:31:26+00:00\",\"breadcrumb\":{\"@id\":\"http:\/\/mjewellerybox.com\/p\/crystal-heart-2\/#breadcrumb\"},\"inLanguage\":\"en-US\",\"potentialAction\":[{\"@type\":\"ReadAction\",\"target\":[\"http:\/\/mjewellerybox.com\/p\/crystal-heart-2\/\"]}]},{\"@type\":\"BreadcrumbList\",\"@id\":\"http:\/\/mjewellerybox.com\/p\/crystal-heart-2\/#breadcrumb\",\"itemListElement\":[{\"@type\":\"ListItem\",\"position\":1,\"name\":\"Home\",\"item\":\"https:\/\/mjewellerybox.com\/en\/\"},{\"@type\":\"ListItem\",\"position\":2,\"name\":\"Shop\",\"item\":\"https:\/\/mjewellerybox.com\/en\/shop\/\"},{\"@type\":\"ListItem\",\"position\":3,\"name\":\"CRYSTAL HEART\"}]},{\"@type\":\"WebSite\",\"@id\":\"http:\/\/mjewellerybox.com\/#website\",\"url\":\"http:\/\/mjewellerybox.com\/\",\"name\":\"M JEWELLERY BOX\",\"description\":\"Dobrodo\u0161li\",\"publisher\":{\"@id\":\"http:\/\/mjewellerybox.com\/#organization\"},\"potentialAction\":[{\"@type\":\"SearchAction\",\"target\":{\"@type\":\"EntryPoint\",\"urlTemplate\":\"http:\/\/mjewellerybox.com\/?s={search_term_string}\"},\"query-input\":\"required name=search_term_string\"}],\"inLanguage\":\"en-US\"},{\"@type\":\"Organization\",\"@id\":\"http:\/\/mjewellerybox.com\/#organization\",\"name\":\"M JEWELLERY BOX\",\"url\":\"http:\/\/mjewellerybox.com\/\",\"logo\":{\"@type\":\"ImageObject\",\"inLanguage\":\"en-US\",\"@id\":\"http:\/\/mjewellerybox.com\/#\/schema\/logo\/image\/\",\"url\":\"http:\/\/mjewellerybox.com\/wp-content\/uploads\/2021\/09\/logo_mjb_bt.png\",\"contentUrl\":\"http:\/\/mjewellerybox.com\/wp-content\/uploads\/2021\/09\/logo_mjb_bt.png\",\"width\":800,\"height\":321,\"caption\":\"M JEWELLERY BOX\"},\"image\":{\"@id\":\"http:\/\/mjewellerybox.com\/#\/schema\/logo\/image\/\"},\"sameAs\":[\"https:\/\/www.facebook.com\/mjewellerybox\/\",\"https:\/\/www.instagram.com\/mjewellerybox\/\"]}]}<\/script>\n<!-- \/ Yoast SEO Premium plugin. -->","yoast_head_json":{"title":"CRYSTAL HEART - M JEWELLERY BOX","robots":{"index":"index","follow":"follow","max-snippet":"max-snippet:-1","max-image-preview":"max-image-preview:large","max-video-preview":"max-video-preview:-1"},"canonical":"http:\/\/mjewellerybox.com\/en\/p\/crystal-heart-2\/","og_locale":"en_US","og_type":"article","og_title":"CRYSTAL HEART","og_description":"materijal: swarovski kristal sa \u010delikom du\u017eina: 16,00cm + 5,00cm produ\u017eetak","og_url":"http:\/\/mjewellerybox.com\/en\/p\/crystal-heart-2\/","og_site_name":"M JEWELLERY BOX","article_publisher":"https:\/\/www.facebook.com\/mjewellerybox\/","article_modified_time":"2024-02-12T12:31:26+00:00","og_image":[{"width":725,"height":907,"url":"http:\/\/mjewellerybox.com\/wp-content\/uploads\/2023\/01\/NAR11-1cheart.jpg","type":"image\/jpeg"}],"twitter_card":"summary_large_image","schema":{"@context":"https:\/\/schema.org","@graph":[{"@type":"WebPage","@id":"http:\/\/mjewellerybox.com\/p\/crystal-heart-2\/","url":"http:\/\/mjewellerybox.com\/p\/crystal-heart-2\/","name":"CRYSTAL HEART - M JEWELLERY BOX","isPartOf":{"@id":"http:\/\/mjewellerybox.com\/#website"},"datePublished":"2023-01-11T11:05:22+00:00","dateModified":"2024-02-12T12:31:26+00:00","breadcrumb":{"@id":"http:\/\/mjewellerybox.com\/p\/crystal-heart-2\/#breadcrumb"},"inLanguage":"en-US","potentialAction":[{"@type":"ReadAction","target":["http:\/\/mjewellerybox.com\/p\/crystal-heart-2\/"]}]},{"@type":"BreadcrumbList","@id":"http:\/\/mjewellerybox.com\/p\/crystal-heart-2\/#breadcrumb","itemListElement":[{"@type":"ListItem","position":1,"name":"Home","item":"https:\/\/mjewellerybox.com\/en\/"},{"@type":"ListItem","position":2,"name":"Shop","item":"https:\/\/mjewellerybox.com\/en\/shop\/"},{"@type":"ListItem","position":3,"name":"CRYSTAL HEART"}]},{"@type":"WebSite","@id":"http:\/\/mjewellerybox.com\/#website","url":"http:\/\/mjewellerybox.com\/","name":"M JEWELLERY BOX","description":"Dobrodo\u0161li","publisher":{"@id":"http:\/\/mjewellerybox.com\/#organization"},"potentialAction":[{"@type":"SearchAction","target":{"@type":"EntryPoint","urlTemplate":"http:\/\/mjewellerybox.com\/?s={search_term_string}"},"query-input":"required name=search_term_string"}],"inLanguage":"en-US"},{"@type":"Organization","@id":"http:\/\/mjewellerybox.com\/#organization","name":"M JEWELLERY BOX","url":"http:\/\/mjewellerybox.com\/","logo":{"@type":"ImageObject","inLanguage":"en-US","@id":"http:\/\/mjewellerybox.com\/#\/schema\/logo\/image\/","url":"http:\/\/mjewellerybox.com\/wp-content\/uploads\/2021\/09\/logo_mjb_bt.png","contentUrl":"http:\/\/mjewellerybox.com\/wp-content\/uploads\/2021\/09\/logo_mjb_bt.png","width":800,"height":321,"caption":"M JEWELLERY BOX"},"image":{"@id":"http:\/\/mjewellerybox.com\/#\/schema\/logo\/image\/"},"sameAs":["https:\/\/www.facebook.com\/mjewellerybox\/","https:\/\/www.instagram.com\/mjewellerybox\/"]}]}},"jetpack_sharing_enabled":true,"_links":{"self":[{"href":"http:\/\/mjewellerybox.com\/en\/wp-json\/wp\/v2\/product\/6157","targetHints":{"allow":["GET"]}}],"collection":[{"href":"http:\/\/mjewellerybox.com\/en\/wp-json\/wp\/v2\/product"}],"about":[{"href":"http:\/\/mjewellerybox.com\/en\/wp-json\/wp\/v2\/types\/product"}],"wp:featuredmedia":[{"embeddable":true,"href":"http:\/\/mjewellerybox.com\/en\/wp-json\/wp\/v2\/media\/5119"}],"wp:attachment":[{"href":"http:\/\/mjewellerybox.com\/en\/wp-json\/wp\/v2\/media?parent=6157"}],"wp:term":[{"taxonomy":"product_cat","embeddable":true,"href":"http:\/\/mjewellerybox.com\/en\/wp-json\/wp\/v2\/product_cat?post=6157"},{"taxonomy":"product_tag","embeddable":true,"href":"http:\/\/mjewellerybox.com\/en\/wp-json\/wp\/v2\/product_tag?post=6157"}],"curies":[{"name":"wp","href":"https:\/\/api.w.org\/{rel}","templated":true}]}}