{"id":2645,"date":"2022-07-28T11:24:07","date_gmt":"2022-07-28T09:24:07","guid":{"rendered":"http:\/\/mjewellerybox.com\/?page_id=2645"},"modified":"2022-07-28T11:24:09","modified_gmt":"2022-07-28T09:24:09","slug":"uslovi-koristenja","status":"publish","type":"page","link":"http:\/\/mjewellerybox.com\/en\/uslovi-koristenja\/","title":{"rendered":"Uslovi kori\u0161tenja"},"content":{"rendered":"<p>Po\u0161tovani korisnici, molimo Vas da prije kori\u0161\u0107enja na\u0161ih usluga, pa\u017eljivo pro\u010ditate sljede\u0107e uslove. Svaka posjeta na\u0161em sajtu, kao i kupovina, zna\u010di da ste ove uslove pro\u010ditali i da se sla\u017eete sa njima u cjelosti. Ukoliko su oni za Vas neprihvatljivi, molimo Vas da ne koristite ovu prezentaciju.<\/p>\n\n\n\n<p>Dobrodo\u0161li na sajt lollipipe.ba. M JEWELLERY BOX vam omogu\u0107ava kori\u0161\u0107enje usluga i sadr\u017eaja svog portala koje je podlo\u017eno ni\u017ee navedenim Uslovima kori\u0161\u0107enja. Uslovi kori\u0161\u0107enja se primjenjuju na sve sadr\u017eaje i usluge buzzsneakers.ba. Kori\u0161\u0107enjem bilo kog dijela portala, smatra se da su korisnici upoznati sa ovim uslovima, kao i da prihvataju kori\u0161\u0107enje sadr\u017eaja ovog portala isklju\u010divo za li\u010dnu upotrebu i na sopstvenu odgovornost.<\/p>\n\n\n\n<p><strong>Op\u0161te odredbe&nbsp;<\/strong><\/p>\n\n\n\n<p>Na osnovu odredbe \u010dl.27. Zakona o za\u0161titi potro\u0161a\u010da (Sl.glasnik RS 6\/12, 63\/14) i \u010dl. 43. Zakona o za\u0161titi potro\u0161a\u010da (Sl. glasnik BiH 25\/06) privredno dru\u0161tvo WTS d.o.o. Sarajevo svoje cijenjene potro\u0161a\u010de koji robu kupuju putem internet sajta&nbsp;www.lollipipe.ba<\/p>\n\n\n\n<p><strong>O B A V J E \u0160 T A V A<\/strong><\/p>\n\n\n\n<p>\u2013 da se prodaja robe putem internet sajta&nbsp;www.lollipipe.ba&nbsp;obavlja u okviru registrovanih djelatnosti privrednih dru\u0161tava WTS d.o.o. Sarajevo, koje je registrovan u Op\u0107inskom sudu u Sarajevu pod brojem 065-0-Reg-19-005976. Sjedi\u0161te dru\u0161tva nalazi se u Sarajevu na adresi Ejuba Sarajki\u0107a 6.JIB: 4202622650009, Tel.: +387 33 &nbsp;646 252, Fax: +387 33 646 252, www.lollipipe.ba&nbsp;, adresa za izjavljivanje reklamacije je:&nbsp;<a href=\"mailto:hello@lollipipe.ba\">hello@lollipipe.ba<\/a><\/p>\n\n\n\n<p>\u2013 da se osnovna obilje\u017eja robe mogu na\u0107i na sajtu&nbsp;www.lollipipe.ba<\/p>\n\n\n\n<p>\u2013 da se prema Zakonu o za\u0161titi potro\u0161a\u010da (Slu\u017ebeni glasnik RS, br. 62\/2014) kupovina preko na\u0161e prodajne internet stranice&nbsp;www.lollipipe.ba&nbsp;smatra prodajom na daljinu.<\/p>\n\n\n\n<p>\u2013 da roba koja se prodaje putem internet sajta&nbsp;www.lollipipe.ba&nbsp;posjeduje svojstva potrebna za redovnu upotrebu te vrste robe u skladu sa njenom namjenom koja je definisana u Deklaraciji;<\/p>\n\n\n\n<p>\u2013 da se saobraznost robe iz ugovora&nbsp;ISKLJU\u010cIVO&nbsp;utvr\u0111uje prema svojstvima i namjeni robe kako je to definisano pripadaju\u0107om Deklaracijom;<\/p>\n\n\n\n<p>\u2013 da je prodajna cijena robe nazna\u010dena uz svaki artikal;<\/p>\n\n\n\n<p>\u2013 da je usluga isporuke robe besplatna za porudzbine koje su ve\u0107e od 200,00 BAM.<\/p>\n\n\n\n<p>\u2013 kupljenu robu isporu\u010dujemo u roku od 5 dana putem kurirske slu\u017ebe Euroexpress, a na\u010din kako je to definisano&nbsp;ovde.<\/p>\n\n\n\n<p>\u2013 da se mogu\u0107nost kupovine robe uz posebne cijenovne pogodnosti i\u2215ili uz posebne prodajne podsticaje (akcijska prodaja), obavlja u skladu sa uslovima koji su objavljeni na internet sajtu&nbsp;www.lollipipe.ba;<\/p>\n\n\n\n<p>\u2013 da potro\u0161a\u010d robu koju kupuje putem internet sajta&nbsp;www.lollipipe.ba&nbsp;mo\u017ee platiti pouze\u0107em gotovinski u trenutku isporuke;<\/p>\n\n\n\n<p>\u2013 da potro\u0161a\u010d prilikom kreiranja porud\u017ebenice pritiskom na taster POTVRDI preuzima obavezu pla\u0107anja naru\u010dene robe;<\/p>\n\n\n\n<p>\u2013 da u slu\u010daju prijema robe potro\u0161a\u010d isti ne \u017eeli da zadr\u017ei, ima pravo na odustanak ugovora i povra\u0107aj sredstava u visini pla\u0107ene kupoprodajne cijene za predmetnu robu, u roku od 15 dana na na\u010din kako je to definisano&nbsp;ovde.<\/p>\n\n\n\n<p>www.lollipipe.ba ima autorska prava na sve sadr\u017eaje (tekstualne, vizuelne i audio materijale, baze podataka, programerski kod). Neovla\u0161\u0107eno kori\u0161\u0107enje bilo kog dijela portala, bez dozvole vlasnika autorskih prava, smatra se kr\u0161enjem autorskih prava i podlo\u017eno je tu\u017ebi.<\/p>\n\n\n\n<p>www.lollipipe.ba&nbsp;administrira ovu lokaciju iz svojih kancelarija u \u015earajevu, Bosna i Hercegovina. Ni na koji na\u010din ne izjavljuje da su materijali ili usluge na ovoj lokaciji prikladni ili dostupni za kori\u0161\u0107enje izvan Bosne i Hercegovine, a pristupanje iz podru\u010dja gde je njihov sadr\u017eaj nezakonit je zabranjeno. Nije dopu\u0161teno kori\u0161\u0107enje ili izvoz, odnosno uvoz, radi izvoza materijala ili usluga na ovoj lokaciji niti bilo koje kopiranje ili prilago\u0111avanje u suprotnosti sa va\u017ee\u0107im zakonima ili propisima uklju\u010duju\u0107i, bez ograni\u010denja, izvozne zakone i propise Bosne i Hercegovine. Ako odlu\u010dite da pristupite ovoj lokaciji izvan Bosne i Hercegovine, to radite na sopstvenu inicijativu i smatrate se odgovornim za po\u0161tovanje va\u017ee\u0107ih lokalnih zakona. Ovi Uslovi se tuma\u010de u skladu sa zakonima Bosne i Hercegovine i ne\u0107e se primjenjivati na\u010dela o rje\u0161avanju neusagla\u0161enosti zakona.<\/p>\n\n\n\n<p>www.lollipipe.ba&nbsp;mo\u017ee revidirati ove Uslove bilo kada, a\u017euriranjem ovog dokumenta. Povremeno posje\u0107ujte ovu stranicu da biste pregledali Uslove koji trenutno va\u017ee, zato \u0161to su oni za Vas obavezuju\u0107i. Odre\u0111ene odredbe ovih Uslova mogu se zamjeniti izri\u010dito navedenim pravnim obavje\u0161tenjima i uslovima dostupnim na odre\u0111enim stranicama ove lokacije.<\/p>\n\n\n\n<p><strong>MATERIJAL KOJI PROSLJE\u0110UJE KORISNIK (komentari i drugi sadr\u017eaji)&nbsp;<\/strong><\/p>\n\n\n\n<p>Li\u010dni podaci koje proslijedite sajtu&nbsp;www.lollipipe.ba&nbsp;u svrhu dobijanja proizvoda bi\u0107e tretirane u skladu sa na\u0161im dokumentom o za\u0161titi privatnosti na mre\u017ei. Zabranjeno je slanje ili preno\u0161enje na ovu lokaciju ili sa nje bilo kojih nezakonitih, prijete\u0107ih, uvrjedljivih, klevetni\u010dkih, opscenih, pornografskih ili drugih materijala koji su u suprotnosti s bilo kojim zakonom.<\/p>\n\n\n\n<p>www.lollipipe.ba&nbsp;na ovoj lokaciji ne \u017eeli od Vas da prima povjerljive ili druge informacije kojima ne mo\u017ee slobodno da raspola\u017ee. Svi materijali, informacije ili druga saop\u0161tenja koja prenosite ili \u0161aljete na ovu lokaciju ne\u0107e se smatrati povjerljivim i onima kojima se ne mo\u017ee slobodno raspolagati.&nbsp;www.lollipipe.ba&nbsp;nema nikakve obaveze prema ovim saop\u0161tenjima. Na\u0161i zaposleni ne mogu da kopiraju, otkrivaju, distribuiraju, primjenjuju ili na drugi na\u010din koriste saop\u0161tenja i sve podatke, slike, zvukove, tekst i sve ostale materijale u njima sadr\u017eane za bilo koje odnosno za sve komercijalne i nekomercijalne svrhe.<br>Naravno, u ovu grupu podataka ne spadaju va\u0161i li\u010dni podaci. Njih, u skladu sa na\u0161om za\u0161titom privatnosti, koristimo samo za internu upotrebu, ne objelodanjujemo niti proslje\u0111ujemo tre\u0107im licima, ve\u0107 koristimo isklju\u010divo za potrebe obrade va\u0161ih porud\u017ebenica.<\/p>\n\n\n\n<p><strong>VEZE SA DRUGIM WEB LOKACIJAMA<\/strong><\/p>\n\n\n\n<p>Veze na ovoj lokaciji ka lokacijama samostalnih proizvo\u0111a\u010da su obezbje\u0111ene isklju\u010divo da bi vam olak\u0161ale rad. Ako budete koristili ove veze, napusti\u0107ete ovu lokaciju. www.lollipipe.ba nije pregledao sve ove lokacije samostalnih proizvo\u0111a\u010da i ne kontroli\u0161e ih i nije odgovoran za bilo koju od ovih lokacija ili njihov sadr\u017eaj. Samim tim, ne podr\u017eavamo i ne dajemo nikakve izjave o njima, kao ni o bilo kojim informacijama, softveru ili drugim proizvodima ili materijalima koji se tamo nalaze, ili bilo kojim rezultatima koji se mogu dobiti njihovim kori\u0161\u0107enjem. Ako odlu\u010dite da pristupite nekoj od Web lokacija samostalnih proizvo\u0111a\u010da koje su povezane sa ovom lokacijom, to radite isklju\u010divo na sopstveni rizik.<\/p>\n\n\n\n<p><strong>KORISNI\u010cKI BLOG<\/strong><\/p>\n\n\n\n<p>www.lollipipe.ba&nbsp;mo\u017ee, ali nema obavezu da nadgleda ili pregleda bilo koji dio lokacije na kome korisnici prenose ili \u0161alju saop\u0161tenja ili komuniciraju isklju\u010divo me\u0111usobno, uklju\u010duju\u0107i, ali ne ograni\u010davaju\u0107i se na korisni\u010dki forum, kao i sadr\u017eaj bilo kog od ovakvih saop\u0161tenja. Me\u0111utim,&nbsp;www.lollipipe.ba&nbsp;se ne smatra odgovornim za sadr\u017eaj bilo kog od navedenih saop\u0161tenja, bez obzira proizilazi li ili ne iz zakona o autorskim pravima, kleveti, privatnosti, opscenosti ili drugog.&nbsp;www.lollipipe.ba&nbsp;zadr\u017eava pravo da ukloni poruke koje sadr\u017ee materijal koji smatramo nepristojnim, klevetni\u010dkim, opscenim ili na bilo koji drugi na\u010din neprihvatljivim.<\/p>\n\n\n\n<p>Sve informacije vezane uz transakcije kupac \u2013 prodavnica&nbsp;www.lollipipe.ba, smatraju se poslovnom tajnom, i prema njima se treba ophoditi skladno zakonskim propisima Bosne i Hercegovine.<\/p>\n\n\n\n<p>Kupovina od povjerenja<\/p>\n\n\n\n<p><strong>IZBOR PROIZVODA<\/strong><\/p>\n\n\n\n<p>Da bi Vam bila omogu\u0107ena kupovina na na\u0161em sajtu morate biti registrovani korisnik. Proces registracije je veoma jednostavan i od Vas zahtjeva samo osnovne li\u010dne podatke. Na vrhu svake stranice nalazi se padaju\u0107i meni sa kategorijama proizvoda. Izborom neke od kategorija otvori\u0107e se stranica sa izlistanim proizvodima. Sa lijeve strane ove stranice nalaze se filteri za filtriranje proizvoda prema: polu, tipu, vrsti, namjeni, proizvo\u0111a\u010du, cijeni. Klikom na CHECK polja uz filter, uklju\u010dujete ili isklju\u010dujete tra\u017eeni filter. Ukoliko ste izlistali grupu proizvoda koja Vas interesuje, dodatne informacije o konkretnom proizvodu mo\u017eete vidjeti klikom na sliku ili naziv proizvoda. Ukoliko ne znate kojoj kategoriji pripada prozvod koji vas interesuje, mo\u017eete iskoristiti polje za pretragu koje se nalazi pri vrhu svake stranice. U polje mo\u017eete ukucati \u0161ifru proizvoda, naziv brenda, namjenu i sl. Prilikom pregleda proizvoda koji su dostupni za kupovinu, primjeti\u0107ete da postoji dugme \u201cDODAJ U KORPU\u201d. Kada kliknte to dugme bi\u0107ete obavje\u0161teni da se proizvod nalazi u Va\u0161oj korpi. Mogu\u0107e je vi\u0161e puta dodati isti proizvod u korpu.<\/p>\n\n\n\n<p><strong>SADR\u017dAJ KORPE<\/strong><\/p>\n\n\n\n<p>U svakom trenutku omogu\u0107en Vam je pregled svih proizvoda koje \u017eelite da kupite. Jednostavnim klikom na ikonicu korpe u gornjem desnom uglu sajta otvarate stranicu na kojoj su prikazani svi proizvodi spremni za kupovinu. Veoma lako mo\u017eete obrisati proizvode iz korpe ili pove\u0107ati broj \u017eeljenih proizvoda.<\/p>\n\n\n\n<p><strong>PORU\u010cIVANJE PROIZVODA IZ KORPE<\/strong><\/p>\n\n\n\n<p>Kada ste spremni da izvr\u0161ite kupovinu potrebno je samo da na vrhu stranice u desnom uglu kliknete na ikonu korpe prilikom \u010dega \u0107e vam se prikazati sadr\u017eaj sa svim artiklima koje ste unijeli u korpu. Bi\u0107e Vam zatra\u017eeno da se ulogujete na svoj profil ili da se registrujete. Formular koji popunjavate prilikom registracije potrebno je da popunite samo jednom, a svaki naredni put dovoljno je samo da se ulogujete na svoj nalog. Nakon toga otvori\u0107e se stranica za zaklju\u010denje kupovine. Ukoliko ste se predomislili u vezi kupovine, artikle mo\u017eete izbaciti iz korpe klikom na dugme X pored proizvoda. Pretra\u017eivanje mo\u017eete nastaviti i dodavati druge proizvode. Na va\u0161u korpu se mo\u017eete vratiti sa svake stranice klikom na ikonu korpe u gornjem desnom uglu.<\/p>\n\n\n\n<p><strong>ODABIR NA\u010cINA PLA\u0106ANJA<\/strong><\/p>\n\n\n\n<p>Narud\u017ebu mo\u017eete platiti pouze\u0107em kuriru prilikom preuzimanja po\u0161iljke ili platnim karticama tokom procesa kupovine na sajtu. Pla\u0107anje se vr\u0161i isklju\u010divo gotovinom u doma\u0107oj valuti.<\/p>\n\n\n\n<p>Pla\u0107anjem platnim karticama potrebno je da znate da je tajnost Va\u0161ih podataka za\u0161ti\u0107ena i osigurana upotrebom SSL enkripcije. Stranice za naplatu putem interneta osigurane su kori\u0161tenjem Secure Socket Layer (SSL) protokola sa 128-bitnom enkripcijom podataka. SSL enkripcija je postupak \u0161ifriranja podataka radi sprije\u010davanja neovla\u0161tenog pristupa prilikom njihovog prijenosa.<\/p>\n\n\n\n<p><strong>ZAVR\u0160ETAK PORU\u010cIVANJA<\/strong><\/p>\n\n\n\n<p>Klikom na dugme POTVRDI, prikaza\u0107e Vam se obavje\u0161tenje o uspje\u0161no poslatoj porud\u017ebini. Na e-mail adresu koju ste ostavili prilikom registracije, uskoro \u0107emo Vam poslati potvrdu za poru\u010dene artikle. Za sva dodatna pitanja mo\u017eete nas kontaktirati putem e-maila&nbsp;hello@lollipipe.ba, ili telefonom&nbsp;033\/646-252.<\/p>\n\n\n\n<p><strong>USLOVI KORI\u0160\u0106ENJA<\/strong><\/p>\n\n\n\n<p>Po\u0161tovani korisnici, molimo Vas da prije kori\u0161\u0107enja na\u0161ih usluga, pa\u017eljivo pro\u010ditate sljede\u0107e uslove. Svaka posjeta na\u0161em sajtu, kao i kupovina, zna\u010di da ste ove uslove pro\u010ditali i da se sla\u017eete sa njima u cjelosti. Ukoliko su oni za Vas neprihvatljivi, molimo Vas da ne koristite ovu prezentaciju.<\/p>\n\n\n\n<p><strong>ZA\u0160TITA LI\u010cNIH PODATAKA<\/strong><\/p>\n\n\n\n<p>Kori\u0161tenjem aplikacije na portalu www.lollipipe.ba, fizi\u010dka lica daju izri\u010ditu saglasnost kompaniji WTS doo. (\u201eDru\u0161tvo\u201c ili \u201eKontrolor\u201c ili \u201eWTS\u201c) kao kontroloru li\u010dnih podataka za prikupljanje i obradu njihovih li\u010dnih podataka koje u\u010dine dostupnim putem objave u biografiji, molbi ili bilo kojim drugim dokumentima dostavljenim u svrhu prijavljivanja na posao u Dru\u0161tvu. Fizi\u010dka lica kori\u0161tenjem portala Dru\u0161tva daju izri\u010ditu saglasnost Dru\u0161tvu da prikuplja, bilje\u017ei, razvrstava, koristi i organizuje njihove li\u010dne podatake (ime, prezime, datum ro\u0111enja, mjesto ro\u0111enja i prebivali\u0161te, stru\u010dna sprema, ste\u010deno obrazovanje, prethodno radno iskustvo, broj telefona, email adresa, vje\u0161tine, certifikati, rezultati testa li\u010dnosti koji se provodi sa kandidatima za posao). Upisom u bazu podataka i prijavom na posao fizi\u010dko lice daje saglasnost za to da li\u010dnim podacima navedenim u dostavljenoj biografiji, molbama za posao i drugim dokumentima dostavljenim u svrhu prijavljivanja za posao, slobodno pristupaju za to ovla\u0161tena lica u okviru Dru\u0161tva i da ih mogu obra\u0111ivati u svrhu obavljanja intervjua kao i radi obavljanja drugog kruga selekcije kandidata, a koja se odnose na sporovo\u0111enje testiranja li\u010dnosti.<\/p>\n\n\n\n<p>Saglasnost za prikupljanje i obradu li\u010dnih podataka, a u skladu sa odredbama Zakona o za\u0161titi li\u010dnih podataka BiH se daje isklju\u010divo u svrhu prijavljivanja na oglase za radna mjesta te u svrhu obavljanja svih ostalih radnji usko povezanih s ogla\u0161avanjem i prijavljivanjem na oglase za radna mjesta, te se u drugu svrhu ne mogu upotrijebiti. Fizi\u010dka lica mogu datu saglasnost u bilo kojem trenutku povu\u0107i bez dodatnog obrazlo\u017eenja te tra\u017eiti brisanje li\u010dnih podataka i to slanjem opoziva saglasnosti na adresu kompanije WTS doo, Ejuba Sarajki\u0107a 6, 71212 Hrasnica ili dostavljanjem zahtjeva na e-mail adresu&nbsp;hello@lollipipe.ba. LOLLI PIPE &nbsp;se obavezuje da \u0107e prikupljenje podatke koristiti samo u gore navedene svrhe i ne\u0107e ih dostavljati tre\u0107im licima.<\/p>\n\n\n\n<p><strong>Rok za brisanje li\u010dnih podataka iznosi<\/strong><\/p>\n\n\n\n<p>2 godine po\u010dev od dana prijema li\u010dnih podataka od fizi\u010dkog lica te \u0107e se isti automatski brisati po isteku ovog roka, osim u slu\u010daju kada je fizi\u010dko lice tra\u017eilo njihovo brisanje prije isteka ovog roka.<\/p>\n\n\n\n<p>M JEWELLERY BOX ima definisane i obezbije\u0111ene mjere za\u0161tite za privatne i povjerljive informacije o korisnicima portala, iste \u010duva u diskreciji i ne zloupotrebljava ih. M JEWELLERY BOX ima registrovane baze podataka, definisane procedure, kao i organizacione i tehni\u010dke mjere za\u0161tite u skladu sa Zakonom o za\u0161titi li\u010dnih podataka BiH, kojima se smanjuje rizik od neovla\u0161tenog pristupa li\u010dnim podacima.<\/p>","protected":false},"excerpt":{"rendered":"<p>Po\u0161tovani korisnici, molimo Vas da prije kori\u0161\u0107enja na\u0161ih usluga, pa\u017eljivo pro\u010ditate sljede\u0107e uslove. Svaka posjeta na\u0161em sajtu, kao i kupovina, zna\u010di da ste ove uslove pro\u010ditali i da se sla\u017eete sa njima u cjelosti. Ukoliko su oni za Vas neprihvatljivi, molimo Vas da ne koristite ovu prezentaciju. Dobrodo\u0161li na sajt lollipipe.ba. M JEWELLERY BOX vam &hellip; <br \/><a href=\"http:\/\/mjewellerybox.com\/en\/uslovi-koristenja\/\" class=\"more-link\">Continue reading <span class=\"screen-reader-text\">Uslovi kori\u0161tenja<\/span><\/a><\/p>","protected":false},"author":1,"featured_media":0,"parent":0,"menu_order":0,"comment_status":"closed","ping_status":"closed","template":"","meta":{"footnotes":""},"class_list":["post-2645","page","type-page","status-publish","hentry"],"yoast_head":"<!-- This site is optimized with the Yoast SEO Premium plugin v19.4 (Yoast SEO v22.0) - https:\/\/yoast.com\/wordpress\/plugins\/seo\/ -->\n<title>Uslovi kori\u0161tenja - M JEWELLERY BOX<\/title>\n<meta name=\"robots\" content=\"index, follow, max-snippet:-1, max-image-preview:large, max-video-preview:-1\" \/>\n<link rel=\"canonical\" href=\"http:\/\/mjewellerybox.com\/en\/uslovi-koristenja\/\" \/>\n<meta property=\"og:locale\" content=\"en_US\" \/>\n<meta property=\"og:type\" content=\"article\" \/>\n<meta property=\"og:title\" content=\"Uslovi kori\u0161tenja\" \/>\n<meta property=\"og:description\" content=\"Po\u0161tovani korisnici, molimo Vas da prije kori\u0161\u0107enja na\u0161ih usluga, pa\u017eljivo pro\u010ditate sljede\u0107e uslove. Svaka posjeta na\u0161em sajtu, kao i kupovina, zna\u010di da ste ove uslove pro\u010ditali i da se sla\u017eete sa njima u cjelosti. Ukoliko su oni za Vas neprihvatljivi, molimo Vas da ne koristite ovu prezentaciju. Dobrodo\u0161li na sajt lollipipe.ba. M JEWELLERY BOX vam &hellip; Continue reading Uslovi kori\u0161tenja\" \/>\n<meta property=\"og:url\" content=\"http:\/\/mjewellerybox.com\/en\/uslovi-koristenja\/\" \/>\n<meta property=\"og:site_name\" content=\"M JEWELLERY BOX\" \/>\n<meta property=\"article:publisher\" content=\"https:\/\/www.facebook.com\/mjewellerybox\/\" \/>\n<meta property=\"article:modified_time\" content=\"2022-07-28T09:24:09+00:00\" \/>\n<meta name=\"twitter:card\" content=\"summary_large_image\" \/>\n<meta name=\"twitter:label1\" content=\"Est. reading time\" \/>\n\t<meta name=\"twitter:data1\" content=\"12 minutes\" \/>\n<script type=\"application\/ld+json\" class=\"yoast-schema-graph\">{\"@context\":\"https:\/\/schema.org\",\"@graph\":[{\"@type\":\"WebPage\",\"@id\":\"http:\/\/mjewellerybox.com\/en\/uslovi-koristenja\/\",\"url\":\"http:\/\/mjewellerybox.com\/en\/uslovi-koristenja\/\",\"name\":\"Uslovi kori\u0161tenja - M JEWELLERY BOX\",\"isPartOf\":{\"@id\":\"https:\/\/mjewellerybox.com\/#website\"},\"datePublished\":\"2022-07-28T09:24:07+00:00\",\"dateModified\":\"2022-07-28T09:24:09+00:00\",\"breadcrumb\":{\"@id\":\"http:\/\/mjewellerybox.com\/en\/uslovi-koristenja\/#breadcrumb\"},\"inLanguage\":\"en-US\",\"potentialAction\":[{\"@type\":\"ReadAction\",\"target\":[\"http:\/\/mjewellerybox.com\/en\/uslovi-koristenja\/\"]}]},{\"@type\":\"BreadcrumbList\",\"@id\":\"http:\/\/mjewellerybox.com\/en\/uslovi-koristenja\/#breadcrumb\",\"itemListElement\":[{\"@type\":\"ListItem\",\"position\":1,\"name\":\"Home\",\"item\":\"https:\/\/mjewellerybox.com\/\"},{\"@type\":\"ListItem\",\"position\":2,\"name\":\"Uslovi kori\u0161tenja\"}]},{\"@type\":\"WebSite\",\"@id\":\"https:\/\/mjewellerybox.com\/#website\",\"url\":\"https:\/\/mjewellerybox.com\/\",\"name\":\"M JEWELLERY BOX\",\"description\":\"Dobrodo\u0161li\",\"publisher\":{\"@id\":\"https:\/\/mjewellerybox.com\/#organization\"},\"potentialAction\":[{\"@type\":\"SearchAction\",\"target\":{\"@type\":\"EntryPoint\",\"urlTemplate\":\"https:\/\/mjewellerybox.com\/?s={search_term_string}\"},\"query-input\":\"required name=search_term_string\"}],\"inLanguage\":\"en-US\"},{\"@type\":\"Organization\",\"@id\":\"https:\/\/mjewellerybox.com\/#organization\",\"name\":\"M JEWELLERY BOX\",\"url\":\"https:\/\/mjewellerybox.com\/\",\"logo\":{\"@type\":\"ImageObject\",\"inLanguage\":\"en-US\",\"@id\":\"https:\/\/mjewellerybox.com\/#\/schema\/logo\/image\/\",\"url\":\"http:\/\/mjewellerybox.com\/wp-content\/uploads\/2021\/09\/logo_mjb_bt.png\",\"contentUrl\":\"http:\/\/mjewellerybox.com\/wp-content\/uploads\/2021\/09\/logo_mjb_bt.png\",\"width\":800,\"height\":321,\"caption\":\"M JEWELLERY BOX\"},\"image\":{\"@id\":\"https:\/\/mjewellerybox.com\/#\/schema\/logo\/image\/\"},\"sameAs\":[\"https:\/\/www.facebook.com\/mjewellerybox\/\",\"https:\/\/www.instagram.com\/mjewellerybox\/\"]}]}<\/script>\n<!-- \/ Yoast SEO Premium plugin. -->","yoast_head_json":{"title":"Uslovi kori\u0161tenja - M JEWELLERY BOX","robots":{"index":"index","follow":"follow","max-snippet":"max-snippet:-1","max-image-preview":"max-image-preview:large","max-video-preview":"max-video-preview:-1"},"canonical":"http:\/\/mjewellerybox.com\/en\/uslovi-koristenja\/","og_locale":"en_US","og_type":"article","og_title":"Uslovi kori\u0161tenja","og_description":"Po\u0161tovani korisnici, molimo Vas da prije kori\u0161\u0107enja na\u0161ih usluga, pa\u017eljivo pro\u010ditate sljede\u0107e uslove. Svaka posjeta na\u0161em sajtu, kao i kupovina, zna\u010di da ste ove uslove pro\u010ditali i da se sla\u017eete sa njima u cjelosti. Ukoliko su oni za Vas neprihvatljivi, molimo Vas da ne koristite ovu prezentaciju. Dobrodo\u0161li na sajt lollipipe.ba. M JEWELLERY BOX vam &hellip; Continue reading Uslovi kori\u0161tenja","og_url":"http:\/\/mjewellerybox.com\/en\/uslovi-koristenja\/","og_site_name":"M JEWELLERY BOX","article_publisher":"https:\/\/www.facebook.com\/mjewellerybox\/","article_modified_time":"2022-07-28T09:24:09+00:00","twitter_card":"summary_large_image","twitter_misc":{"Est. reading time":"12 minutes"},"schema":{"@context":"https:\/\/schema.org","@graph":[{"@type":"WebPage","@id":"http:\/\/mjewellerybox.com\/en\/uslovi-koristenja\/","url":"http:\/\/mjewellerybox.com\/en\/uslovi-koristenja\/","name":"Uslovi kori\u0161tenja - M JEWELLERY BOX","isPartOf":{"@id":"https:\/\/mjewellerybox.com\/#website"},"datePublished":"2022-07-28T09:24:07+00:00","dateModified":"2022-07-28T09:24:09+00:00","breadcrumb":{"@id":"http:\/\/mjewellerybox.com\/en\/uslovi-koristenja\/#breadcrumb"},"inLanguage":"en-US","potentialAction":[{"@type":"ReadAction","target":["http:\/\/mjewellerybox.com\/en\/uslovi-koristenja\/"]}]},{"@type":"BreadcrumbList","@id":"http:\/\/mjewellerybox.com\/en\/uslovi-koristenja\/#breadcrumb","itemListElement":[{"@type":"ListItem","position":1,"name":"Home","item":"https:\/\/mjewellerybox.com\/"},{"@type":"ListItem","position":2,"name":"Uslovi kori\u0161tenja"}]},{"@type":"WebSite","@id":"https:\/\/mjewellerybox.com\/#website","url":"https:\/\/mjewellerybox.com\/","name":"M JEWELLERY BOX","description":"Dobrodo\u0161li","publisher":{"@id":"https:\/\/mjewellerybox.com\/#organization"},"potentialAction":[{"@type":"SearchAction","target":{"@type":"EntryPoint","urlTemplate":"https:\/\/mjewellerybox.com\/?s={search_term_string}"},"query-input":"required name=search_term_string"}],"inLanguage":"en-US"},{"@type":"Organization","@id":"https:\/\/mjewellerybox.com\/#organization","name":"M JEWELLERY BOX","url":"https:\/\/mjewellerybox.com\/","logo":{"@type":"ImageObject","inLanguage":"en-US","@id":"https:\/\/mjewellerybox.com\/#\/schema\/logo\/image\/","url":"http:\/\/mjewellerybox.com\/wp-content\/uploads\/2021\/09\/logo_mjb_bt.png","contentUrl":"http:\/\/mjewellerybox.com\/wp-content\/uploads\/2021\/09\/logo_mjb_bt.png","width":800,"height":321,"caption":"M JEWELLERY BOX"},"image":{"@id":"https:\/\/mjewellerybox.com\/#\/schema\/logo\/image\/"},"sameAs":["https:\/\/www.facebook.com\/mjewellerybox\/","https:\/\/www.instagram.com\/mjewellerybox\/"]}]}},"jetpack_sharing_enabled":true,"_links":{"self":[{"href":"http:\/\/mjewellerybox.com\/en\/wp-json\/wp\/v2\/pages\/2645","targetHints":{"allow":["GET"]}}],"collection":[{"href":"http:\/\/mjewellerybox.com\/en\/wp-json\/wp\/v2\/pages"}],"about":[{"href":"http:\/\/mjewellerybox.com\/en\/wp-json\/wp\/v2\/types\/page"}],"author":[{"embeddable":true,"href":"http:\/\/mjewellerybox.com\/en\/wp-json\/wp\/v2\/users\/1"}],"replies":[{"embeddable":true,"href":"http:\/\/mjewellerybox.com\/en\/wp-json\/wp\/v2\/comments?post=2645"}],"version-history":[{"count":1,"href":"http:\/\/mjewellerybox.com\/en\/wp-json\/wp\/v2\/pages\/2645\/revisions"}],"predecessor-version":[{"id":2646,"href":"http:\/\/mjewellerybox.com\/en\/wp-json\/wp\/v2\/pages\/2645\/revisions\/2646"}],"wp:attachment":[{"href":"http:\/\/mjewellerybox.com\/en\/wp-json\/wp\/v2\/media?parent=2645"}],"curies":[{"name":"wp","href":"https:\/\/api.w.org\/{rel}","templated":true}]}}